{"id":69033,"date":"2025-09-29T14:37:57","date_gmt":"2025-09-29T14:37:57","guid":{"rendered":"https:\/\/prestige360solutions.com\/?page_id=69033"},"modified":"2025-10-24T16:27:30","modified_gmt":"2025-10-24T16:27:30","slug":"additional-services","status":"publish","type":"page","link":"https:\/\/prestige360solutions.com\/es\/additional-services\/","title":{"rendered":"Additional Services"},"content":{"rendered":"<div data-elementor-type=\"wp-page\" data-elementor-id=\"69033\" class=\"elementor elementor-69033\" data-elementor-post-type=\"page\">\n\t\t\t\t\t\t<section class=\"elementor-section elementor-top-section elementor-element elementor-element-e58e028 elementor-section-boxed elementor-section-height-default elementor-section-height-default sc_fly_static\" data-id=\"e58e028\" data-element_type=\"section\" data-e-type=\"section\">\n\t\t\t\t\t\t<div class=\"elementor-container elementor-column-gap-extended\">\n\t\t\t\t\t<div class=\"elementor-column elementor-col-100 elementor-top-column elementor-element elementor-element-88efa1e sc_content_align_inherit sc_layouts_column_icons_position_left sc_fly_static\" data-id=\"88efa1e\" data-element_type=\"column\" data-e-type=\"column\">\n\t\t\t<div class=\"elementor-widget-wrap elementor-element-populated\">\n\t\t\t\t\t\t<div class=\"elementor-element elementor-element-4e1536c sc_fly_static elementor-widget elementor-widget-heading\" data-id=\"4e1536c\" data-element_type=\"widget\" data-e-type=\"widget\" data-widget_type=\"heading.default\">\n\t\t\t\t<div class=\"elementor-widget-container\">\n\t\t\t\t\t<h2 class=\"elementor-heading-title elementor-size-default\">Servicios Adicionales<\/h2>\t\t\t\t<\/div>\n\t\t\t\t<\/div>\n\t\t\t\t\t<\/div>\n\t\t<\/div>\n\t\t\t\t\t<\/div>\n\t\t<\/section>\n\t\t\t\t<section class=\"elementor-section elementor-top-section elementor-element elementor-element-1ae4be7 elementor-section-full_width elementor-section-stretched elementor-section-height-default elementor-section-height-default sc_fly_static\" data-id=\"1ae4be7\" data-element_type=\"section\" data-e-type=\"section\" data-settings=\"{&quot;stretch_section&quot;:&quot;section-stretched&quot;,&quot;background_background&quot;:&quot;classic&quot;}\">\n\t\t\t\t\t\t<div class=\"elementor-container elementor-column-gap-extended\">\n\t\t\t\t\t<div class=\"elementor-column elementor-col-100 elementor-top-column elementor-element elementor-element-e413a94 sc_content_align_inherit sc_layouts_column_icons_position_left sc_fly_static\" data-id=\"e413a94\" data-element_type=\"column\" data-e-type=\"column\">\n\t\t\t<div class=\"elementor-widget-wrap elementor-element-populated\">\n\t\t\t\t\t\t<div class=\"elementor-element elementor-element-4d0ea3c elementor-view-default sc_fly_static elementor-widget elementor-widget-icon\" data-id=\"4d0ea3c\" data-element_type=\"widget\" data-e-type=\"widget\" data-widget_type=\"icon.default\">\n\t\t\t\t<div class=\"elementor-widget-container\">\n\t\t\t\t\t\t\t<div class=\"elementor-icon-wrapper\">\n\t\t\t<div class=\"elementor-icon\">\n\t\t\t<i aria-hidden=\"true\" class=\"fab fa-wpforms\"><\/i>\t\t\t<\/div>\n\t\t<\/div>\n\t\t\t\t\t\t<\/div>\n\t\t\t\t<\/div>\n\t\t\t\t<div class=\"elementor-element elementor-element-df26c55 sc_fly_static elementor-widget elementor-widget-heading\" data-id=\"df26c55\" data-element_type=\"widget\" data-e-type=\"widget\" data-widget_type=\"heading.default\">\n\t\t\t\t<div class=\"elementor-widget-container\">\n\t\t\t\t\t<h2 class=\"elementor-heading-title elementor-size-default\">Asistencia con Formularios de Inmigraci\u00f3n<\/h2>\t\t\t\t<\/div>\n\t\t\t\t<\/div>\n\t\t\t\t\t<\/div>\n\t\t<\/div>\n\t\t\t\t\t<\/div>\n\t\t<\/section>\n\t\t\t\t<section class=\"elementor-section elementor-top-section elementor-element elementor-element-e9ba03f elementor-section-full_width elementor-section-stretched elementor-section-height-default elementor-section-height-default sc_fly_static\" data-id=\"e9ba03f\" data-element_type=\"section\" data-e-type=\"section\" data-settings=\"{&quot;stretch_section&quot;:&quot;section-stretched&quot;,&quot;background_background&quot;:&quot;classic&quot;}\">\n\t\t\t\t\t\t<div class=\"elementor-container elementor-column-gap-extended\">\n\t\t\t\t\t<div class=\"elementor-column elementor-col-100 elementor-top-column elementor-element elementor-element-efa14f3 sc_content_align_inherit sc_layouts_column_icons_position_left sc_fly_static\" data-id=\"efa14f3\" data-element_type=\"column\" data-e-type=\"column\">\n\t\t\t<div class=\"elementor-widget-wrap elementor-element-populated\">\n\t\t\t\t\t\t<div class=\"elementor-element elementor-element-bc0d723 sc_fly_static elementor-widget elementor-widget-text-editor\" data-id=\"bc0d723\" data-element_type=\"widget\" data-e-type=\"widget\" data-widget_type=\"text-editor.default\">\n\t\t\t\t<div class=\"elementor-widget-container\">\n\t\t\t\t\t\t\t\t\t<p class=\"p1 translation-block\">Gestionar los tr\u00e1mites de inmigraci\u00f3n puede ser abrumador, pero no tiene que hacerlo solo. Ayudamos a nuestros clientes a completar formularios de inmigraci\u00f3n, declaraciones juradas, traducciones y certificaciones notariales, asegur\u00e1ndonos de que todo sea preciso, cumpla con las normas y se gestione con cuidado.<\/p>\t\t\t\t\t\t\t\t<\/div>\n\t\t\t\t<\/div>\n\t\t\t\t\t<\/div>\n\t\t<\/div>\n\t\t\t\t\t<\/div>\n\t\t<\/section>\n\t\t\t\t<section class=\"elementor-section elementor-top-section elementor-element elementor-element-0d7fece elementor-section-full_width elementor-section-stretched elementor-section-height-default elementor-section-height-default sc_fly_static\" data-id=\"0d7fece\" data-element_type=\"section\" data-e-type=\"section\" data-settings=\"{&quot;stretch_section&quot;:&quot;section-stretched&quot;,&quot;background_background&quot;:&quot;classic&quot;}\">\n\t\t\t\t\t\t<div class=\"elementor-container elementor-column-gap-extended\">\n\t\t\t\t\t<div class=\"elementor-column elementor-col-100 elementor-top-column elementor-element elementor-element-06fd63e sc_content_align_inherit sc_layouts_column_icons_position_left sc_fly_static\" data-id=\"06fd63e\" data-element_type=\"column\" data-e-type=\"column\">\n\t\t\t<div class=\"elementor-widget-wrap elementor-element-populated\">\n\t\t\t\t\t\t<div class=\"elementor-element elementor-element-e19b405 elementor-view-default sc_fly_static elementor-widget elementor-widget-icon\" data-id=\"e19b405\" data-element_type=\"widget\" data-e-type=\"widget\" data-widget_type=\"icon.default\">\n\t\t\t\t<div class=\"elementor-widget-container\">\n\t\t\t\t\t\t\t<div class=\"elementor-icon-wrapper\">\n\t\t\t<div class=\"elementor-icon\">\n\t\t\t<i aria-hidden=\"true\" class=\"fas fa-paperclip\"><\/i>\t\t\t<\/div>\n\t\t<\/div>\n\t\t\t\t\t\t<\/div>\n\t\t\t\t<\/div>\n\t\t\t\t<div class=\"elementor-element elementor-element-e45cafe sc_fly_static elementor-widget elementor-widget-heading\" data-id=\"e45cafe\" data-element_type=\"widget\" data-e-type=\"widget\" data-widget_type=\"heading.default\">\n\t\t\t\t<div class=\"elementor-widget-container\">\n\t\t\t\t\t<h2 class=\"elementor-heading-title elementor-size-default\">Traducci\u00f3n de Documentos y Apostilla<\/h2>\t\t\t\t<\/div>\n\t\t\t\t<\/div>\n\t\t\t\t\t<\/div>\n\t\t<\/div>\n\t\t\t\t\t<\/div>\n\t\t<\/section>\n\t\t\t\t<section class=\"elementor-section elementor-top-section elementor-element elementor-element-5c3094d elementor-section-boxed elementor-section-height-default elementor-section-height-default sc_fly_static\" data-id=\"5c3094d\" data-element_type=\"section\" data-e-type=\"section\">\n\t\t\t\t\t\t<div class=\"elementor-container elementor-column-gap-extended\">\n\t\t\t\t\t<div class=\"elementor-column elementor-col-100 elementor-top-column elementor-element elementor-element-05d33cf sc_content_align_inherit sc_layouts_column_icons_position_left sc_fly_static\" data-id=\"05d33cf\" data-element_type=\"column\" data-e-type=\"column\">\n\t\t\t<div class=\"elementor-widget-wrap elementor-element-populated\">\n\t\t\t\t\t\t<div class=\"elementor-element elementor-element-4f92490 sc_fly_static elementor-widget elementor-widget-text-editor\" data-id=\"4f92490\" data-element_type=\"widget\" data-e-type=\"widget\" data-widget_type=\"text-editor.default\">\n\t\t\t\t<div class=\"elementor-widget-container\">\n\t\t\t\t\t\t\t\t\t<p class=\"translation-block\">Para clientes que necesitan documentos reconocidos internacionalmente, ofrecemos servicios profesionales de traducci\u00f3n de documentos (ingl\u00e9s-espa\u00f1ol) y apostilla. Ya sean actas de nacimiento, licencias de matrimonio, registros legales o expedientes acad\u00e9micos, garantizamos que sus documentos cumplan con los requisitos internacionales.<\/p>\t\t\t\t\t\t\t\t<\/div>\n\t\t\t\t<\/div>\n\t\t\t\t\t<\/div>\n\t\t<\/div>\n\t\t\t\t\t<\/div>\n\t\t<\/section>\n\t\t\t\t<section class=\"elementor-section elementor-top-section elementor-element elementor-element-0b09d08 elementor-section-full_width elementor-section-stretched elementor-section-height-default elementor-section-height-default sc_fly_static\" data-id=\"0b09d08\" data-element_type=\"section\" data-e-type=\"section\" data-settings=\"{&quot;stretch_section&quot;:&quot;section-stretched&quot;,&quot;background_background&quot;:&quot;classic&quot;}\">\n\t\t\t\t\t\t<div class=\"elementor-container elementor-column-gap-extended\">\n\t\t\t\t\t<div class=\"elementor-column elementor-col-100 elementor-top-column elementor-element elementor-element-d2275ff sc_content_align_inherit sc_layouts_column_icons_position_left sc_fly_static\" data-id=\"d2275ff\" data-element_type=\"column\" data-e-type=\"column\">\n\t\t\t<div class=\"elementor-widget-wrap elementor-element-populated\">\n\t\t\t\t\t\t<div class=\"elementor-element elementor-element-856b72d elementor-view-default sc_fly_static elementor-widget elementor-widget-icon\" data-id=\"856b72d\" data-element_type=\"widget\" data-e-type=\"widget\" data-widget_type=\"icon.default\">\n\t\t\t\t<div class=\"elementor-widget-container\">\n\t\t\t\t\t\t\t<div class=\"elementor-icon-wrapper\">\n\t\t\t<div class=\"elementor-icon\">\n\t\t\t<i aria-hidden=\"true\" class=\"fas fa-address-book\"><\/i>\t\t\t<\/div>\n\t\t<\/div>\n\t\t\t\t\t\t<\/div>\n\t\t\t\t<\/div>\n\t\t\t\t<div class=\"elementor-element elementor-element-b32cf7b sc_fly_static elementor-widget elementor-widget-heading\" data-id=\"b32cf7b\" data-element_type=\"widget\" data-e-type=\"widget\" data-widget_type=\"heading.default\">\n\t\t\t\t<div class=\"elementor-widget-container\">\n\t\t\t\t\t<h2 class=\"elementor-heading-title elementor-size-default\">Asistencia en Documentos de Divorcio Simple<\/h2>\t\t\t\t<\/div>\n\t\t\t\t<\/div>\n\t\t\t\t\t<\/div>\n\t\t<\/div>\n\t\t\t\t\t<\/div>\n\t\t<\/section>\n\t\t\t\t<section class=\"elementor-section elementor-top-section elementor-element elementor-element-f5905fa elementor-section-full_width elementor-section-stretched elementor-section-height-default elementor-section-height-default sc_fly_static\" data-id=\"f5905fa\" data-element_type=\"section\" data-e-type=\"section\" data-settings=\"{&quot;stretch_section&quot;:&quot;section-stretched&quot;,&quot;background_background&quot;:&quot;classic&quot;}\">\n\t\t\t\t\t\t<div class=\"elementor-container elementor-column-gap-extended\">\n\t\t\t\t\t<div class=\"elementor-column elementor-col-100 elementor-top-column elementor-element elementor-element-424ee5a sc_content_align_inherit sc_layouts_column_icons_position_left sc_fly_static\" data-id=\"424ee5a\" data-element_type=\"column\" data-e-type=\"column\">\n\t\t\t<div class=\"elementor-widget-wrap elementor-element-populated\">\n\t\t\t\t\t\t<div class=\"elementor-element elementor-element-6aaf137 sc_fly_static elementor-widget elementor-widget-text-editor\" data-id=\"6aaf137\" data-element_type=\"widget\" data-e-type=\"widget\" data-widget_type=\"text-editor.default\">\n\t\t\t\t<div class=\"elementor-widget-container\">\n\t\t\t\t\t\t\t\t\t<p class=\"translation-block\">El divorcio nunca es f\u00e1cil, pero el papeleo no tiene por qu\u00e9 complicarlo. En Prestige360 Solutions, ayudamos a nuestros clientes a organizar y preparar formularios de divorcio sencillos para que el proceso sea m\u00e1s fluido y menos estresante. Nuestro equipo ofrece orientaci\u00f3n clara para completar la documentaci\u00f3n necesaria, asistencia con la certificaci\u00f3n notarial y las copias, e instrucciones paso a paso para la presentaci\u00f3n y los plazos. Con nuestro apoyo biling\u00fce, nos aseguramos de que la comunicaci\u00f3n sea fluida y que usted se sienta seguro en cada paso del proceso.<\/p>\t\t\t\t\t\t\t\t<\/div>\n\t\t\t\t<\/div>\n\t\t\t\t\t<\/div>\n\t\t<\/div>\n\t\t\t\t\t<\/div>\n\t\t<\/section>\n\t\t\t\t<section class=\"elementor-section elementor-top-section elementor-element elementor-element-57751f1 elementor-section-full_width elementor-section-stretched elementor-section-height-default elementor-section-height-default sc_fly_static\" data-id=\"57751f1\" data-element_type=\"section\" data-e-type=\"section\" data-settings=\"{&quot;stretch_section&quot;:&quot;section-stretched&quot;}\">\n\t\t\t\t\t\t<div class=\"elementor-container elementor-column-gap-extended\">\n\t\t\t\t\t<div class=\"elementor-column elementor-col-100 elementor-top-column elementor-element elementor-element-10ec57d sc_content_align_inherit sc_layouts_column_icons_position_left sc_fly_static\" data-id=\"10ec57d\" data-element_type=\"column\" data-e-type=\"column\">\n\t\t\t<div class=\"elementor-widget-wrap elementor-element-populated\">\n\t\t\t\t\t\t<div class=\"elementor-element elementor-element-5075a01 elementor-view-default sc_fly_static elementor-widget elementor-widget-icon\" data-id=\"5075a01\" data-element_type=\"widget\" data-e-type=\"widget\" data-widget_type=\"icon.default\">\n\t\t\t\t<div class=\"elementor-widget-container\">\n\t\t\t\t\t\t\t<div class=\"elementor-icon-wrapper\">\n\t\t\t<div class=\"elementor-icon\">\n\t\t\t<i aria-hidden=\"true\" class=\"fas fa-clinic-medical\"><\/i>\t\t\t<\/div>\n\t\t<\/div>\n\t\t\t\t\t\t<\/div>\n\t\t\t\t<\/div>\n\t\t\t\t<div class=\"elementor-element elementor-element-e0afee2 sc_fly_static elementor-widget elementor-widget-heading\" data-id=\"e0afee2\" data-element_type=\"widget\" data-e-type=\"widget\" data-widget_type=\"heading.default\">\n\t\t\t\t<div class=\"elementor-widget-container\">\n\t\t\t\t\t<h2 class=\"elementor-heading-title elementor-size-default\">Talleres de Educaci\u00f3n Financiera<\/h2>\t\t\t\t<\/div>\n\t\t\t\t<\/div>\n\t\t\t\t\t<\/div>\n\t\t<\/div>\n\t\t\t\t\t<\/div>\n\t\t<\/section>\n\t\t\t\t<section class=\"elementor-section elementor-top-section elementor-element elementor-element-e7c322d elementor-section-boxed elementor-section-height-default elementor-section-height-default sc_fly_static\" data-id=\"e7c322d\" data-element_type=\"section\" data-e-type=\"section\">\n\t\t\t\t\t\t<div class=\"elementor-container elementor-column-gap-extended\">\n\t\t\t\t\t<div class=\"elementor-column elementor-col-100 elementor-top-column elementor-element elementor-element-56c6953 sc_content_align_inherit sc_layouts_column_icons_position_left sc_fly_static\" data-id=\"56c6953\" data-element_type=\"column\" data-e-type=\"column\">\n\t\t\t<div class=\"elementor-widget-wrap elementor-element-populated\">\n\t\t\t\t\t\t<div class=\"elementor-element elementor-element-5f58903 sc_fly_static elementor-widget elementor-widget-text-editor\" data-id=\"5f58903\" data-element_type=\"widget\" data-e-type=\"widget\" data-widget_type=\"text-editor.default\">\n\t\t\t\t<div class=\"elementor-widget-container\">\n\t\t\t\t\t\t\t\t\t<p class=\"translation-block\">Creemos que el conocimiento es poder. Nuestros talleres de educaci\u00f3n financiera est\u00e1n dise\u00f1ados para ense\u00f1ar, empoderar e inspirar a personas y familias a tomar el control de su futuro financiero.<\/p><p>Estos talleres cubren:<\/p><ul><li class=\"translation-block\">Conceptos b\u00e1sicos de cr\u00e9dito: comprender los informes de cr\u00e9dito, las puntuaciones y c\u00f3mo mejorarlos.<\/li><li class=\"translation-block\">Presupuesto y ahorro: Estrategias sencillas para administrar el dinero y generar ahorros.<\/li><li class=\"translation-block\">Gesti\u00f3n de la deuda: Formas pr\u00e1cticas de reducir la deuda y evitar trampas financieras.<\/li><li class=\"translation-block\">Impuestos 101: Conceptos fiscales clave que toda persona y peque\u00f1a empresa debe conocer.<\/li><li class=\"translation-block\">Establecimiento de metas financieras: c\u00f3mo planificar la compra de una vivienda, la financiaci\u00f3n de una empresa o la jubilaci\u00f3n.<\/li><\/ul><p class=\"translation-block\">Se ofrecen talleres presenciales o en l\u00ednea para:<\/p><ul><li class=\"translation-block\">Individuos y familias: Finanzas personales 101.<\/li><li class=\"translation-block\">J\u00f3venes y adultos j\u00f3venes: h\u00e1bitos financieros tempranos para el \u00e9xito de por vida.<\/li><\/ul>\t\t\t\t\t\t\t\t<\/div>\n\t\t\t\t<\/div>\n\t\t\t\t\t<\/div>\n\t\t<\/div>\n\t\t\t\t\t<\/div>\n\t\t<\/section>\n\t\t\t\t<section class=\"elementor-section elementor-top-section elementor-element elementor-element-1f54bf7 elementor-section-boxed elementor-section-height-default elementor-section-height-default sc_fly_static\" data-id=\"1f54bf7\" data-element_type=\"section\" data-e-type=\"section\">\n\t\t\t\t\t\t<div class=\"elementor-container elementor-column-gap-extended\">\n\t\t\t\t\t<div class=\"elementor-column elementor-col-100 elementor-top-column elementor-element elementor-element-fc78e20 sc_content_align_inherit sc_layouts_column_icons_position_left sc_fly_static\" data-id=\"fc78e20\" data-element_type=\"column\" data-e-type=\"column\">\n\t\t\t<div class=\"elementor-widget-wrap elementor-element-populated\">\n\t\t\t\t\t\t<div class=\"elementor-element elementor-element-a143589 elementor-button-info elementor-align-center sc_fly_static elementor-widget elementor-widget-button\" data-id=\"a143589\" data-element_type=\"widget\" data-e-type=\"widget\" data-widget_type=\"button.default\">\n\t\t\t\t<div class=\"elementor-widget-container\">\n\t\t\t\t\t\t\t\t\t<div class=\"elementor-button-wrapper\">\n\t\t\t\t\t<a class=\"elementor-button elementor-button-link elementor-size-sm\" href=\"https:\/\/prestige360solutions.com\/es\/#servicios\">\n\t\t\t\t\t\t<span class=\"elementor-button-content-wrapper\">\n\t\t\t\t\t\t\t\t\t<span class=\"elementor-button-text\">Regresar a Nuestros Servicios<\/span>\n\t\t\t\t\t<\/span>\n\t\t\t\t\t<\/a>\n\t\t\t\t<\/div>\n\t\t\t\t\t\t\t\t<\/div>\n\t\t\t\t<\/div>\n\t\t\t\t\t<\/div>\n\t\t<\/div>\n\t\t\t\t\t<\/div>\n\t\t<\/section>\n\t\t\t\t<section class=\"elementor-section elementor-top-section elementor-element elementor-element-d2b24cc elementor-section-boxed elementor-section-height-default elementor-section-height-default sc_fly_static\" data-id=\"d2b24cc\" data-element_type=\"section\" data-e-type=\"section\">\n\t\t\t\t\t\t<div class=\"elementor-container elementor-column-gap-extended\">\n\t\t\t\t\t<div class=\"elementor-column elementor-col-100 elementor-top-column elementor-element elementor-element-e3c0824 sc_content_align_inherit sc_layouts_column_icons_position_left sc_fly_static\" data-id=\"e3c0824\" data-element_type=\"column\" data-e-type=\"column\">\n\t\t\t<div class=\"elementor-widget-wrap elementor-element-populated\">\n\t\t\t\t\t\t<div class=\"elementor-element elementor-element-d39a563 sc_fly_static elementor-widget elementor-widget-text-editor\" data-id=\"d39a563\" data-element_type=\"widget\" data-e-type=\"widget\" data-widget_type=\"text-editor.default\">\n\t\t\t\t<div class=\"elementor-widget-container\">\n\t\t\t\t\t\t\t\t\t<p>Prestige360 Solutions ofrece asistencia con formularios de inmigraci\u00f3n, traducci\u00f3n de documentos, solicitudes de apostilla, tr\u00e1mites de divorcio y talleres de educaci\u00f3n financiera \u00fanicamente con fines informativos y administrativos. No somos un bufete de abogados, proveedor de servicios de inmigraci\u00f3n ni asesor financiero. Nuestro equipo no ofrece asesoramiento legal, fiscal ni financiero.<\/p>\t\t\t\t\t\t\t\t<\/div>\n\t\t\t\t<\/div>\n\t\t\t\t\t<\/div>\n\t\t<\/div>\n\t\t\t\t\t<\/div>\n\t\t<\/section>\n\t\t\t\t<\/div>","protected":false},"excerpt":{"rendered":"<p>Additional services Immigration Forms Assistance Navigating immigration paperwork can feel overwhelming but you don\u2019t have&hellip;<\/p>","protected":false},"author":1,"featured_media":0,"parent":0,"menu_order":0,"comment_status":"closed","ping_status":"closed","template":"","meta":{"give_campaign_id":0,"nf_dc_page":"","footnotes":""},"class_list":["post-69033","page","type-page","status-publish","hentry"],"campaignId":"","_links":{"self":[{"href":"https:\/\/prestige360solutions.com\/es\/wp-json\/wp\/v2\/pages\/69033","targetHints":{"allow":["GET"]}}],"collection":[{"href":"https:\/\/prestige360solutions.com\/es\/wp-json\/wp\/v2\/pages"}],"about":[{"href":"https:\/\/prestige360solutions.com\/es\/wp-json\/wp\/v2\/types\/page"}],"author":[{"embeddable":true,"href":"https:\/\/prestige360solutions.com\/es\/wp-json\/wp\/v2\/users\/1"}],"replies":[{"embeddable":true,"href":"https:\/\/prestige360solutions.com\/es\/wp-json\/wp\/v2\/comments?post=69033"}],"version-history":[{"count":20,"href":"https:\/\/prestige360solutions.com\/es\/wp-json\/wp\/v2\/pages\/69033\/revisions"}],"predecessor-version":[{"id":69725,"href":"https:\/\/prestige360solutions.com\/es\/wp-json\/wp\/v2\/pages\/69033\/revisions\/69725"}],"wp:attachment":[{"href":"https:\/\/prestige360solutions.com\/es\/wp-json\/wp\/v2\/media?parent=69033"}],"curies":[{"name":"wp","href":"https:\/\/api.w.org\/{rel}","templated":true}]}}