{"id":68982,"date":"2025-09-25T19:18:57","date_gmt":"2025-09-25T19:18:57","guid":{"rendered":"https:\/\/prestige360solutions.com\/?page_id=68982"},"modified":"2025-10-24T16:24:47","modified_gmt":"2025-10-24T16:24:47","slug":"accident-advisory-powered-by-accident-aid-pros","status":"publish","type":"page","link":"https:\/\/prestige360solutions.com\/es\/accident-advisory-powered-by-accident-aid-pros\/","title":{"rendered":"Accident Advisory \u2013 Powered by Accident Aid Pros"},"content":{"rendered":"<div data-elementor-type=\"wp-page\" data-elementor-id=\"68982\" class=\"elementor elementor-68982\" data-elementor-post-type=\"page\">\n\t\t\t\t\t\t<section class=\"elementor-section elementor-top-section elementor-element elementor-element-36ccab6 elementor-section-full_width elementor-section-stretched elementor-section-height-default elementor-section-height-default sc_fly_static\" data-id=\"36ccab6\" data-element_type=\"section\" data-e-type=\"section\" data-settings=\"{&quot;stretch_section&quot;:&quot;section-stretched&quot;}\">\n\t\t\t\t\t\t<div class=\"elementor-container elementor-column-gap-extended\">\n\t\t\t\t\t<div class=\"elementor-column elementor-col-100 elementor-top-column elementor-element elementor-element-eee7c88 sc_content_align_inherit sc_layouts_column_icons_position_left sc_fly_static\" data-id=\"eee7c88\" data-element_type=\"column\" data-e-type=\"column\">\n\t\t\t<div class=\"elementor-widget-wrap elementor-element-populated\">\n\t\t\t\t\t\t<div class=\"elementor-element elementor-element-6a7b183 elementor-widget__width-inherit sc_fly_static elementor-widget elementor-widget-image\" data-id=\"6a7b183\" data-element_type=\"widget\" data-e-type=\"widget\" data-widget_type=\"image.default\">\n\t\t\t\t<div class=\"elementor-widget-container\">\n\t\t\t\t\t\t\t\t\t\t\t\t\t\t\t<img fetchpriority=\"high\" decoding=\"async\" width=\"1024\" height=\"564\" src=\"https:\/\/prestige360solutions.com\/wp-content\/uploads\/2025\/10\/fff3-1024x564.jpg\" class=\"attachment-large size-large wp-image-69166\" alt=\"\" srcset=\"https:\/\/prestige360solutions.com\/wp-content\/uploads\/2025\/10\/fff3-1024x564.jpg 1024w, https:\/\/prestige360solutions.com\/wp-content\/uploads\/2025\/10\/fff3-300x165.jpg 300w, https:\/\/prestige360solutions.com\/wp-content\/uploads\/2025\/10\/fff3-768x423.jpg 768w, https:\/\/prestige360solutions.com\/wp-content\/uploads\/2025\/10\/fff3-1536x846.jpg 1536w, https:\/\/prestige360solutions.com\/wp-content\/uploads\/2025\/10\/fff3-370x204.jpg 370w, https:\/\/prestige360solutions.com\/wp-content\/uploads\/2025\/10\/fff3-840x463.jpg 840w, https:\/\/prestige360solutions.com\/wp-content\/uploads\/2025\/10\/fff3-410x226.jpg 410w, https:\/\/prestige360solutions.com\/wp-content\/uploads\/2025\/10\/fff3-600x331.jpg 600w, https:\/\/prestige360solutions.com\/wp-content\/uploads\/2025\/10\/fff3.jpg 1960w\" sizes=\"(max-width: 1024px) 100vw, 1024px\" \/>\t\t\t\t\t\t\t\t\t\t\t\t\t\t\t<\/div>\n\t\t\t\t<\/div>\n\t\t\t\t\t<\/div>\n\t\t<\/div>\n\t\t\t\t\t<\/div>\n\t\t<\/section>\n\t\t\t\t<section class=\"elementor-section elementor-top-section elementor-element elementor-element-af7ed2b elementor-section-boxed elementor-section-height-default elementor-section-height-default sc_fly_static\" data-id=\"af7ed2b\" data-element_type=\"section\" data-e-type=\"section\">\n\t\t\t\t\t\t<div class=\"elementor-container elementor-column-gap-extended\">\n\t\t\t\t\t<div class=\"elementor-column elementor-col-100 elementor-top-column elementor-element elementor-element-dea5f9f sc_content_align_inherit sc_layouts_column_icons_position_left sc_fly_static\" data-id=\"dea5f9f\" data-element_type=\"column\" data-e-type=\"column\">\n\t\t\t<div class=\"elementor-widget-wrap elementor-element-populated\">\n\t\t\t\t\t\t<div class=\"elementor-element elementor-element-806cbb6 sc_fly_static elementor-widget elementor-widget-heading\" data-id=\"806cbb6\" data-element_type=\"widget\" data-e-type=\"widget\" data-widget_type=\"heading.default\">\n\t\t\t\t<div class=\"elementor-widget-container\">\n\t\t\t\t\t<h2 class=\"elementor-heading-title elementor-size-default\">Asesoramiento sobre accidentes \/ En colaboraci\u00f3n con Accident Aid Pros<\/h2>\t\t\t\t<\/div>\n\t\t\t\t<\/div>\n\t\t\t\t\t<\/div>\n\t\t<\/div>\n\t\t\t\t\t<\/div>\n\t\t<\/section>\n\t\t\t\t<section class=\"elementor-section elementor-top-section elementor-element elementor-element-2dec84d elementor-section-boxed elementor-section-height-default elementor-section-height-default sc_fly_static\" data-id=\"2dec84d\" data-element_type=\"section\" data-e-type=\"section\">\n\t\t\t\t\t\t<div class=\"elementor-container elementor-column-gap-extended\">\n\t\t\t\t\t<div class=\"elementor-column elementor-col-100 elementor-top-column elementor-element elementor-element-ba70a96 sc_content_align_inherit sc_layouts_column_icons_position_left sc_fly_static\" data-id=\"ba70a96\" data-element_type=\"column\" data-e-type=\"column\">\n\t\t\t<div class=\"elementor-widget-wrap elementor-element-populated\">\n\t\t\t\t\t\t<div class=\"elementor-element elementor-element-33a58fd sc_fly_static elementor-widget elementor-widget-text-editor\" data-id=\"33a58fd\" data-element_type=\"widget\" data-e-type=\"widget\" data-widget_type=\"text-editor.default\">\n\t\t\t\t<div class=\"elementor-widget-container\">\n\t\t\t\t\t\t\t\t\t<p>Las consecuencias de un accidente pueden ser abrumadoras, pero no tiene que afrontarlas solo. Como su asesor de accidentes, estoy aqu\u00ed para guiarlo paso a paso, asegur\u00e1ndome de que conozca sus derechos y le proporcione la ayuda adecuada.<\/p><p>A trav\u00e9s de nuestra red de referencias de confianza, recibir\u00e1s:<\/p><ul><li>Orientaci\u00f3n inmediata sobre qu\u00e9 hacer despu\u00e9s de un accidente.<\/li><li>Conexi\u00f3n con abogados experimentados que luchan por su compensaci\u00f3n.<\/li><li>Conexi\u00f3n con proveedores m\u00e9dicos independientes que se centran en su recuperaci\u00f3n.<\/li><li>Apoyo en la gesti\u00f3n de reclamaciones de seguros (PIP, BI, UM, PD).<\/li><li>Asistencia compasiva y biling\u00fce en cada paso del camino.<\/li><\/ul><p>Mi funci\u00f3n es estar a su lado, responder sus preguntas y conectarlo con el equipo que manejar\u00e1 el proceso legal, m\u00e9dico y de seguros para que usted pueda concentrarse en su recuperaci\u00f3n.<\/p>\t\t\t\t\t\t\t\t<\/div>\n\t\t\t\t<\/div>\n\t\t\t\t\t<\/div>\n\t\t<\/div>\n\t\t\t\t\t<\/div>\n\t\t<\/section>\n\t\t\t\t<section class=\"elementor-section elementor-top-section elementor-element elementor-element-05e9226 elementor-section-boxed elementor-section-height-default elementor-section-height-default sc_fly_static\" data-id=\"05e9226\" data-element_type=\"section\" data-e-type=\"section\">\n\t\t\t\t\t\t<div class=\"elementor-container elementor-column-gap-extended\">\n\t\t\t\t\t<div class=\"elementor-column elementor-col-100 elementor-top-column elementor-element elementor-element-7ed6c4d sc_content_align_inherit sc_layouts_column_icons_position_left sc_fly_static\" data-id=\"7ed6c4d\" data-element_type=\"column\" data-e-type=\"column\">\n\t\t\t<div class=\"elementor-widget-wrap elementor-element-populated\">\n\t\t\t\t\t\t<div class=\"elementor-element elementor-element-32b1252 elementor-button-info elementor-align-center sc_fly_static elementor-widget elementor-widget-button\" data-id=\"32b1252\" data-element_type=\"widget\" data-e-type=\"widget\" data-widget_type=\"button.default\">\n\t\t\t\t<div class=\"elementor-widget-container\">\n\t\t\t\t\t\t\t\t\t<div class=\"elementor-button-wrapper\">\n\t\t\t\t\t<a class=\"elementor-button elementor-button-link elementor-size-sm\" href=\"https:\/\/prestige360solutions.com\/es\/#servicios\">\n\t\t\t\t\t\t<span class=\"elementor-button-content-wrapper\">\n\t\t\t\t\t\t\t\t\t<span class=\"elementor-button-text\">Regresar a Nuestros Servicios<\/span>\n\t\t\t\t\t<\/span>\n\t\t\t\t\t<\/a>\n\t\t\t\t<\/div>\n\t\t\t\t\t\t\t\t<\/div>\n\t\t\t\t<\/div>\n\t\t\t\t\t<\/div>\n\t\t<\/div>\n\t\t\t\t\t<\/div>\n\t\t<\/section>\n\t\t\t\t<section class=\"elementor-section elementor-top-section elementor-element elementor-element-89db0b3 elementor-section-full_width elementor-section-stretched elementor-section-height-default elementor-section-height-default sc_fly_static\" data-id=\"89db0b3\" data-element_type=\"section\" data-e-type=\"section\" data-settings=\"{&quot;stretch_section&quot;:&quot;section-stretched&quot;,&quot;background_background&quot;:&quot;classic&quot;}\">\n\t\t\t\t\t\t<div class=\"elementor-container elementor-column-gap-extended\">\n\t\t\t\t\t<div class=\"elementor-column elementor-col-100 elementor-top-column elementor-element elementor-element-4da8ab2 sc_content_align_inherit sc_layouts_column_icons_position_left sc_fly_static\" data-id=\"4da8ab2\" data-element_type=\"column\" data-e-type=\"column\">\n\t\t\t<div class=\"elementor-widget-wrap elementor-element-populated\">\n\t\t\t\t\t\t<div class=\"elementor-element elementor-element-559aa45 sc_fly_static elementor-widget elementor-widget-heading\" data-id=\"559aa45\" data-element_type=\"widget\" data-e-type=\"widget\" data-widget_type=\"heading.default\">\n\t\t\t\t<div class=\"elementor-widget-container\">\n\t\t\t\t\t<h2 class=\"elementor-heading-title elementor-size-default\">Una Llamada le Brinda la Ayuda que Merece<\/h2>\t\t\t\t<\/div>\n\t\t\t\t<\/div>\n\t\t\t\t\t<\/div>\n\t\t<\/div>\n\t\t\t\t\t<\/div>\n\t\t<\/section>\n\t\t\t\t<section class=\"elementor-section elementor-top-section elementor-element elementor-element-ad31919 elementor-section-boxed elementor-section-height-default elementor-section-height-default sc_fly_static\" data-id=\"ad31919\" data-element_type=\"section\" data-e-type=\"section\">\n\t\t\t\t\t\t<div class=\"elementor-container elementor-column-gap-extended\">\n\t\t\t\t\t<div class=\"elementor-column elementor-col-100 elementor-top-column elementor-element elementor-element-86f1937 sc_content_align_inherit sc_layouts_column_icons_position_left sc_fly_static\" data-id=\"86f1937\" data-element_type=\"column\" data-e-type=\"column\">\n\t\t\t<div class=\"elementor-widget-wrap elementor-element-populated\">\n\t\t\t\t\t\t<div class=\"elementor-element elementor-element-11ecff3 sc_fly_static elementor-widget elementor-widget-text-editor\" data-id=\"11ecff3\" data-element_type=\"widget\" data-e-type=\"widget\" data-widget_type=\"text-editor.default\">\n\t\t\t\t<div class=\"elementor-widget-container\">\n\t\t\t\t\t\t\t\t\t<p>No somos abogados. Ofrecemos un servicio de referencia legal para conectar a personas con profesionales legales cualificados y garantizar la protecci\u00f3n de sus derechos.<\/p>\t\t\t\t\t\t\t\t<\/div>\n\t\t\t\t<\/div>\n\t\t\t\t\t<\/div>\n\t\t<\/div>\n\t\t\t\t\t<\/div>\n\t\t<\/section>\n\t\t\t\t<\/div>","protected":false},"excerpt":{"rendered":"<p>Accident Advisory \/ Powered by Accident Aid Pros The aftermath of an accident can feel&hellip;<\/p>","protected":false},"author":1,"featured_media":0,"parent":0,"menu_order":0,"comment_status":"closed","ping_status":"closed","template":"","meta":{"give_campaign_id":0,"nf_dc_page":"","footnotes":""},"class_list":["post-68982","page","type-page","status-publish","hentry"],"campaignId":"","_links":{"self":[{"href":"https:\/\/prestige360solutions.com\/es\/wp-json\/wp\/v2\/pages\/68982","targetHints":{"allow":["GET"]}}],"collection":[{"href":"https:\/\/prestige360solutions.com\/es\/wp-json\/wp\/v2\/pages"}],"about":[{"href":"https:\/\/prestige360solutions.com\/es\/wp-json\/wp\/v2\/types\/page"}],"author":[{"embeddable":true,"href":"https:\/\/prestige360solutions.com\/es\/wp-json\/wp\/v2\/users\/1"}],"replies":[{"embeddable":true,"href":"https:\/\/prestige360solutions.com\/es\/wp-json\/wp\/v2\/comments?post=68982"}],"version-history":[{"count":20,"href":"https:\/\/prestige360solutions.com\/es\/wp-json\/wp\/v2\/pages\/68982\/revisions"}],"predecessor-version":[{"id":69722,"href":"https:\/\/prestige360solutions.com\/es\/wp-json\/wp\/v2\/pages\/68982\/revisions\/69722"}],"wp:attachment":[{"href":"https:\/\/prestige360solutions.com\/es\/wp-json\/wp\/v2\/media?parent=68982"}],"curies":[{"name":"wp","href":"https:\/\/api.w.org\/{rel}","templated":true}]}}