{"id":68980,"date":"2025-09-25T19:18:28","date_gmt":"2025-09-25T19:18:28","guid":{"rendered":"https:\/\/prestige360solutions.com\/?page_id=68980"},"modified":"2025-10-24T16:29:29","modified_gmt":"2025-10-24T16:29:29","slug":"credit-repair-building","status":"publish","type":"page","link":"https:\/\/prestige360solutions.com\/es\/credit-repair-building\/","title":{"rendered":"Reparaci\u00f3n y Construcci\u00f3n de Cr\u00e9dito"},"content":{"rendered":"<div data-elementor-type=\"wp-page\" data-elementor-id=\"68980\" class=\"elementor elementor-68980\" data-elementor-post-type=\"page\">\n\t\t\t\t\t\t<section class=\"elementor-section elementor-top-section elementor-element elementor-element-0fa28f9 elementor-section-boxed elementor-section-height-default elementor-section-height-default sc_fly_static\" data-id=\"0fa28f9\" data-element_type=\"section\" data-e-type=\"section\">\n\t\t\t\t\t\t<div class=\"elementor-container elementor-column-gap-extended\">\n\t\t\t\t\t<div class=\"elementor-column elementor-col-100 elementor-top-column elementor-element elementor-element-562af7e sc_content_align_inherit sc_layouts_column_icons_position_left sc_fly_static\" data-id=\"562af7e\" data-element_type=\"column\" data-e-type=\"column\">\n\t\t\t<div class=\"elementor-widget-wrap elementor-element-populated\">\n\t\t\t\t\t\t<div class=\"elementor-element elementor-element-076dc13 elementor-widget__width-inherit sc_fly_static elementor-widget elementor-widget-image\" data-id=\"076dc13\" data-element_type=\"widget\" data-e-type=\"widget\" data-widget_type=\"image.default\">\n\t\t\t\t<div class=\"elementor-widget-container\">\n\t\t\t\t\t\t\t\t\t\t\t\t\t\t\t<img fetchpriority=\"high\" decoding=\"async\" width=\"1024\" height=\"564\" src=\"https:\/\/prestige360solutions.com\/wp-content\/uploads\/2025\/10\/fff5-1024x564.jpg\" class=\"attachment-large size-large wp-image-69174\" alt=\"\" srcset=\"https:\/\/prestige360solutions.com\/wp-content\/uploads\/2025\/10\/fff5-1024x564.jpg 1024w, https:\/\/prestige360solutions.com\/wp-content\/uploads\/2025\/10\/fff5-300x165.jpg 300w, https:\/\/prestige360solutions.com\/wp-content\/uploads\/2025\/10\/fff5-768x423.jpg 768w, https:\/\/prestige360solutions.com\/wp-content\/uploads\/2025\/10\/fff5-1536x846.jpg 1536w, https:\/\/prestige360solutions.com\/wp-content\/uploads\/2025\/10\/fff5-370x204.jpg 370w, https:\/\/prestige360solutions.com\/wp-content\/uploads\/2025\/10\/fff5-840x463.jpg 840w, https:\/\/prestige360solutions.com\/wp-content\/uploads\/2025\/10\/fff5-410x226.jpg 410w, https:\/\/prestige360solutions.com\/wp-content\/uploads\/2025\/10\/fff5-600x331.jpg 600w, https:\/\/prestige360solutions.com\/wp-content\/uploads\/2025\/10\/fff5.jpg 1960w\" sizes=\"(max-width: 1024px) 100vw, 1024px\" \/>\t\t\t\t\t\t\t\t\t\t\t\t\t\t\t<\/div>\n\t\t\t\t<\/div>\n\t\t\t\t\t<\/div>\n\t\t<\/div>\n\t\t\t\t\t<\/div>\n\t\t<\/section>\n\t\t\t\t<section class=\"elementor-section elementor-top-section elementor-element elementor-element-8c43e0e elementor-section-boxed elementor-section-height-default elementor-section-height-default sc_fly_static\" data-id=\"8c43e0e\" data-element_type=\"section\" data-e-type=\"section\">\n\t\t\t\t\t\t<div class=\"elementor-container elementor-column-gap-extended\">\n\t\t\t\t\t<div class=\"elementor-column elementor-col-100 elementor-top-column elementor-element elementor-element-1464954 sc_content_align_inherit sc_layouts_column_icons_position_left sc_fly_static\" data-id=\"1464954\" data-element_type=\"column\" data-e-type=\"column\">\n\t\t\t<div class=\"elementor-widget-wrap elementor-element-populated\">\n\t\t\t\t\t\t<div class=\"elementor-element elementor-element-2c43086 sc_fly_static elementor-widget elementor-widget-heading\" data-id=\"2c43086\" data-element_type=\"widget\" data-e-type=\"widget\" data-widget_type=\"heading.default\">\n\t\t\t\t<div class=\"elementor-widget-container\">\n\t\t\t\t\t<h2 class=\"elementor-heading-title elementor-size-default\">Reparaci\u00f3n y Construcci\u00f3n de Cr\u00e9dito<\/h2>\t\t\t\t<\/div>\n\t\t\t\t<\/div>\n\t\t\t\t\t<\/div>\n\t\t<\/div>\n\t\t\t\t\t<\/div>\n\t\t<\/section>\n\t\t\t\t<section class=\"elementor-section elementor-top-section elementor-element elementor-element-86605b8 elementor-section-boxed elementor-section-height-default elementor-section-height-default sc_fly_static\" data-id=\"86605b8\" data-element_type=\"section\" data-e-type=\"section\">\n\t\t\t\t\t\t<div class=\"elementor-container elementor-column-gap-extended\">\n\t\t\t\t\t<div class=\"elementor-column elementor-col-100 elementor-top-column elementor-element elementor-element-c031451 sc_content_align_inherit sc_layouts_column_icons_position_left sc_fly_static\" data-id=\"c031451\" data-element_type=\"column\" data-e-type=\"column\">\n\t\t\t<div class=\"elementor-widget-wrap elementor-element-populated\">\n\t\t\t\t\t\t<div class=\"elementor-element elementor-element-e7430eb sc_fly_static elementor-widget elementor-widget-text-editor\" data-id=\"e7430eb\" data-element_type=\"widget\" data-e-type=\"widget\" data-widget_type=\"text-editor.default\">\n\t\t\t\t<div class=\"elementor-widget-container\">\n\t\t\t\t\t\t\t\t\t<p class=\"translation-block\">Un buen historial crediticio le abre puertas, desde la compra de una vivienda hasta la financiaci\u00f3n de su negocio, y estamos aqu\u00ed para ayudarle a conseguirlo. En Prestige360 Solutions, ofrecemos soluciones crediticias personalizadas que comienzan con una revisi\u00f3n detallada de su informe crediticio y un plan de acci\u00f3n claro. Nuestro equipo le ayuda a resolver inexactitudes, gestionar su deuda y a construir un historial crediticio positivo mediante tarjetas aseguradas, l\u00edneas de cr\u00e9dito y apoyo para la elaboraci\u00f3n de presupuestos inteligentes. Tambi\u00e9n nos centramos en la formaci\u00f3n, brind\u00e1ndole el conocimiento y las herramientas para mantener un historial crediticio saludable mucho despu\u00e9s de que finalice su programa.<\/p>\t\t\t\t\t\t\t\t<\/div>\n\t\t\t\t<\/div>\n\t\t\t\t\t<\/div>\n\t\t<\/div>\n\t\t\t\t\t<\/div>\n\t\t<\/section>\n\t\t\t\t<section class=\"elementor-section elementor-top-section elementor-element elementor-element-90b0bba elementor-section-boxed elementor-section-height-default elementor-section-height-default sc_fly_static\" data-id=\"90b0bba\" data-element_type=\"section\" data-e-type=\"section\">\n\t\t\t\t\t\t<div class=\"elementor-container elementor-column-gap-extended\">\n\t\t\t\t\t<div class=\"elementor-column elementor-col-100 elementor-top-column elementor-element elementor-element-9873e41 sc_content_align_inherit sc_layouts_column_icons_position_left sc_fly_static\" data-id=\"9873e41\" data-element_type=\"column\" data-e-type=\"column\">\n\t\t\t<div class=\"elementor-widget-wrap elementor-element-populated\">\n\t\t\t\t\t\t<div class=\"elementor-element elementor-element-2b4b35a elementor-button-info elementor-align-center sc_fly_static elementor-widget elementor-widget-button\" data-id=\"2b4b35a\" data-element_type=\"widget\" data-e-type=\"widget\" data-widget_type=\"button.default\">\n\t\t\t\t<div class=\"elementor-widget-container\">\n\t\t\t\t\t\t\t\t\t<div class=\"elementor-button-wrapper\">\n\t\t\t\t\t<a class=\"elementor-button elementor-button-link elementor-size-sm\" href=\"https:\/\/prestige360solutions.com\/es\/#servicios\">\n\t\t\t\t\t\t<span class=\"elementor-button-content-wrapper\">\n\t\t\t\t\t\t\t\t\t<span class=\"elementor-button-text\">Regresar a Nuestros Servicios<\/span>\n\t\t\t\t\t<\/span>\n\t\t\t\t\t<\/a>\n\t\t\t\t<\/div>\n\t\t\t\t\t\t\t\t<\/div>\n\t\t\t\t<\/div>\n\t\t\t\t\t<\/div>\n\t\t<\/div>\n\t\t\t\t\t<\/div>\n\t\t<\/section>\n\t\t\t\t<\/div>","protected":false},"excerpt":{"rendered":"<p>Credit Repair &amp; Building Strong credit opens doors, from homeownership to business funding, and we\u2019re&hellip;<\/p>","protected":false},"author":1,"featured_media":0,"parent":0,"menu_order":0,"comment_status":"closed","ping_status":"closed","template":"","meta":{"give_campaign_id":0,"nf_dc_page":"","footnotes":""},"class_list":["post-68980","page","type-page","status-publish","hentry"],"campaignId":"","_links":{"self":[{"href":"https:\/\/prestige360solutions.com\/es\/wp-json\/wp\/v2\/pages\/68980","targetHints":{"allow":["GET"]}}],"collection":[{"href":"https:\/\/prestige360solutions.com\/es\/wp-json\/wp\/v2\/pages"}],"about":[{"href":"https:\/\/prestige360solutions.com\/es\/wp-json\/wp\/v2\/types\/page"}],"author":[{"embeddable":true,"href":"https:\/\/prestige360solutions.com\/es\/wp-json\/wp\/v2\/users\/1"}],"replies":[{"embeddable":true,"href":"https:\/\/prestige360solutions.com\/es\/wp-json\/wp\/v2\/comments?post=68980"}],"version-history":[{"count":19,"href":"https:\/\/prestige360solutions.com\/es\/wp-json\/wp\/v2\/pages\/68980\/revisions"}],"predecessor-version":[{"id":69731,"href":"https:\/\/prestige360solutions.com\/es\/wp-json\/wp\/v2\/pages\/68980\/revisions\/69731"}],"wp:attachment":[{"href":"https:\/\/prestige360solutions.com\/es\/wp-json\/wp\/v2\/media?parent=68980"}],"curies":[{"name":"wp","href":"https:\/\/api.w.org\/{rel}","templated":true}]}}