{"id":68978,"date":"2025-09-25T19:17:47","date_gmt":"2025-09-25T19:17:47","guid":{"rendered":"https:\/\/prestige360solutions.com\/?page_id=68978"},"modified":"2025-10-24T16:30:59","modified_gmt":"2025-10-24T16:30:59","slug":"tax-preparation","status":"publish","type":"page","link":"https:\/\/prestige360solutions.com\/es\/tax-preparation\/","title":{"rendered":"Preparaci\u00f3n de Impuestos"},"content":{"rendered":"<div data-elementor-type=\"wp-page\" data-elementor-id=\"68978\" class=\"elementor elementor-68978\" data-elementor-post-type=\"page\">\n\t\t\t\t\t\t<section class=\"elementor-section elementor-top-section elementor-element elementor-element-a87a3de elementor-section-boxed elementor-section-height-default elementor-section-height-default sc_fly_static\" data-id=\"a87a3de\" data-element_type=\"section\" data-e-type=\"section\">\n\t\t\t\t\t\t<div class=\"elementor-container elementor-column-gap-extended\">\n\t\t\t\t\t<div class=\"elementor-column elementor-col-100 elementor-top-column elementor-element elementor-element-41f1a3b sc_content_align_inherit sc_layouts_column_icons_position_left sc_fly_static\" data-id=\"41f1a3b\" data-element_type=\"column\" data-e-type=\"column\">\n\t\t\t<div class=\"elementor-widget-wrap elementor-element-populated\">\n\t\t\t\t\t\t<div class=\"elementor-element elementor-element-9120b10 elementor-widget__width-inherit sc_fly_static elementor-widget elementor-widget-image\" data-id=\"9120b10\" data-element_type=\"widget\" data-e-type=\"widget\" data-widget_type=\"image.default\">\n\t\t\t\t<div class=\"elementor-widget-container\">\n\t\t\t\t\t\t\t\t\t\t\t\t\t\t\t<img fetchpriority=\"high\" decoding=\"async\" width=\"1024\" height=\"564\" src=\"https:\/\/prestige360solutions.com\/wp-content\/uploads\/2025\/10\/fff6-1024x564.jpg\" class=\"attachment-large size-large wp-image-69178\" alt=\"\" srcset=\"https:\/\/prestige360solutions.com\/wp-content\/uploads\/2025\/10\/fff6-1024x564.jpg 1024w, https:\/\/prestige360solutions.com\/wp-content\/uploads\/2025\/10\/fff6-300x165.jpg 300w, https:\/\/prestige360solutions.com\/wp-content\/uploads\/2025\/10\/fff6-768x423.jpg 768w, https:\/\/prestige360solutions.com\/wp-content\/uploads\/2025\/10\/fff6-1536x846.jpg 1536w, https:\/\/prestige360solutions.com\/wp-content\/uploads\/2025\/10\/fff6-370x204.jpg 370w, https:\/\/prestige360solutions.com\/wp-content\/uploads\/2025\/10\/fff6-840x463.jpg 840w, https:\/\/prestige360solutions.com\/wp-content\/uploads\/2025\/10\/fff6-410x226.jpg 410w, https:\/\/prestige360solutions.com\/wp-content\/uploads\/2025\/10\/fff6-600x331.jpg 600w, https:\/\/prestige360solutions.com\/wp-content\/uploads\/2025\/10\/fff6.jpg 1960w\" sizes=\"(max-width: 1024px) 100vw, 1024px\" \/>\t\t\t\t\t\t\t\t\t\t\t\t\t\t\t<\/div>\n\t\t\t\t<\/div>\n\t\t\t\t\t<\/div>\n\t\t<\/div>\n\t\t\t\t\t<\/div>\n\t\t<\/section>\n\t\t\t\t<section class=\"elementor-section elementor-top-section elementor-element elementor-element-6ca79ce elementor-section-boxed elementor-section-height-default elementor-section-height-default sc_fly_static\" data-id=\"6ca79ce\" data-element_type=\"section\" data-e-type=\"section\">\n\t\t\t\t\t\t<div class=\"elementor-container elementor-column-gap-extended\">\n\t\t\t\t\t<div class=\"elementor-column elementor-col-100 elementor-top-column elementor-element elementor-element-8b84050 sc_content_align_inherit sc_layouts_column_icons_position_left sc_fly_static\" data-id=\"8b84050\" data-element_type=\"column\" data-e-type=\"column\">\n\t\t\t<div class=\"elementor-widget-wrap elementor-element-populated\">\n\t\t\t\t\t\t<div class=\"elementor-element elementor-element-d8e1c09 sc_fly_static elementor-widget elementor-widget-heading\" data-id=\"d8e1c09\" data-element_type=\"widget\" data-e-type=\"widget\" data-widget_type=\"heading.default\">\n\t\t\t\t<div class=\"elementor-widget-container\">\n\t\t\t\t\t<h2 class=\"elementor-heading-title elementor-size-default\">Preparaci\u00f3n de Impuestos<\/h2>\t\t\t\t<\/div>\n\t\t\t\t<\/div>\n\t\t\t\t\t<\/div>\n\t\t<\/div>\n\t\t\t\t\t<\/div>\n\t\t<\/section>\n\t\t\t\t<section class=\"elementor-section elementor-top-section elementor-element elementor-element-68c0133 elementor-section-boxed elementor-section-height-default elementor-section-height-default sc_fly_static\" data-id=\"68c0133\" data-element_type=\"section\" data-e-type=\"section\">\n\t\t\t\t\t\t<div class=\"elementor-container elementor-column-gap-extended\">\n\t\t\t\t\t<div class=\"elementor-column elementor-col-100 elementor-top-column elementor-element elementor-element-3a68bbb sc_content_align_inherit sc_layouts_column_icons_position_left sc_fly_static\" data-id=\"3a68bbb\" data-element_type=\"column\" data-e-type=\"column\">\n\t\t\t<div class=\"elementor-widget-wrap elementor-element-populated\">\n\t\t\t\t\t\t<div class=\"elementor-element elementor-element-b2e1a2b sc_fly_static elementor-widget elementor-widget-text-editor\" data-id=\"b2e1a2b\" data-element_type=\"widget\" data-e-type=\"widget\" data-widget_type=\"text-editor.default\">\n\t\t\t\t<div class=\"elementor-widget-container\">\n\t\t\t\t\t\t\t\t\t<p style=\"font-weight: 400;\" class=\"translation-block\">Los impuestos pueden ser estresantes, pero no cuando cuenta con Prestige360 Solutions de su lado. Simplificamos el proceso y lo eliminamos del estr\u00e9s, ofreciendo servicios tributarios integrales para particulares, familias y peque\u00f1as empresas. Nuestro equipo se encarga de todo, desde la declaraci\u00f3n de impuestos federales y estatales hasta la maximizaci\u00f3n de reembolsos, la minimizaci\u00f3n de responsabilidades y el apoyo a aut\u00f3nomos y propietarios de peque\u00f1as empresas con soluciones tributarias personalizadas.<\/p><p style=\"font-weight: 400;\">Estamos disponibles todo el a\u00f1o, no solo durante la temporada de impuestos, y tambi\u00e9n podemos ayudarle con su planificaci\u00f3n financiera futura para que pueda mantenerse a la vanguardia. Con nuestro servicio confiable, oportuno y preciso, puede tener la tranquilidad de saber que sus finanzas est\u00e1n en buenas manos.<\/p>\t\t\t\t\t\t\t\t<\/div>\n\t\t\t\t<\/div>\n\t\t\t\t\t<\/div>\n\t\t<\/div>\n\t\t\t\t\t<\/div>\n\t\t<\/section>\n\t\t\t\t<section class=\"elementor-section elementor-top-section elementor-element elementor-element-1ff637b elementor-section-boxed elementor-section-height-default elementor-section-height-default sc_fly_static\" data-id=\"1ff637b\" data-element_type=\"section\" data-e-type=\"section\">\n\t\t\t\t\t\t<div class=\"elementor-container elementor-column-gap-extended\">\n\t\t\t\t\t<div class=\"elementor-column elementor-col-100 elementor-top-column elementor-element elementor-element-7219854 sc_content_align_inherit sc_layouts_column_icons_position_left sc_fly_static\" data-id=\"7219854\" data-element_type=\"column\" data-e-type=\"column\">\n\t\t\t<div class=\"elementor-widget-wrap elementor-element-populated\">\n\t\t\t\t\t\t<div class=\"elementor-element elementor-element-7195ff5 elementor-button-info elementor-align-center sc_fly_static elementor-widget elementor-widget-button\" data-id=\"7195ff5\" data-element_type=\"widget\" data-e-type=\"widget\" data-widget_type=\"button.default\">\n\t\t\t\t<div class=\"elementor-widget-container\">\n\t\t\t\t\t\t\t\t\t<div class=\"elementor-button-wrapper\">\n\t\t\t\t\t<a class=\"elementor-button elementor-button-link elementor-size-sm\" href=\"https:\/\/prestige360solutions.com\/es\/#servicios\">\n\t\t\t\t\t\t<span class=\"elementor-button-content-wrapper\">\n\t\t\t\t\t\t\t\t\t<span class=\"elementor-button-text\">Regresar a Nuestros Servicios<\/span>\n\t\t\t\t\t<\/span>\n\t\t\t\t\t<\/a>\n\t\t\t\t<\/div>\n\t\t\t\t\t\t\t\t<\/div>\n\t\t\t\t<\/div>\n\t\t\t\t\t<\/div>\n\t\t<\/div>\n\t\t\t\t\t<\/div>\n\t\t<\/section>\n\t\t\t\t<section class=\"elementor-section elementor-top-section elementor-element elementor-element-3d677b7 elementor-section-boxed elementor-section-height-default elementor-section-height-default sc_fly_static\" data-id=\"3d677b7\" data-element_type=\"section\" data-e-type=\"section\">\n\t\t\t\t\t\t<div class=\"elementor-container elementor-column-gap-extended\">\n\t\t\t\t\t<div class=\"elementor-column elementor-col-100 elementor-top-column elementor-element elementor-element-b462b2f sc_content_align_inherit sc_layouts_column_icons_position_left sc_fly_static\" data-id=\"b462b2f\" data-element_type=\"column\" data-e-type=\"column\">\n\t\t\t<div class=\"elementor-widget-wrap elementor-element-populated\">\n\t\t\t\t\t\t<div class=\"elementor-element elementor-element-383c4a4 sc_fly_static elementor-widget elementor-widget-text-editor\" data-id=\"383c4a4\" data-element_type=\"widget\" data-e-type=\"widget\" data-widget_type=\"text-editor.default\">\n\t\t\t\t<div class=\"elementor-widget-container\">\n\t\t\t\t\t\t\t\t\t<p>Prestige360 Solutions ofrece asistencia general en la preparaci\u00f3n y presentaci\u00f3n de impuestos. No somos una firma de contadores p\u00fablicos y no ofrecemos asesoramiento contable ni legal certificado.<\/p>\t\t\t\t\t\t\t\t<\/div>\n\t\t\t\t<\/div>\n\t\t\t\t\t<\/div>\n\t\t<\/div>\n\t\t\t\t\t<\/div>\n\t\t<\/section>\n\t\t\t\t<\/div>","protected":false},"excerpt":{"rendered":"<p>Tax Preparation Taxes can be stressful, but not when you have\u00a0Prestige360 Solutions\u00a0on your side. We&hellip;<\/p>","protected":false},"author":1,"featured_media":0,"parent":0,"menu_order":0,"comment_status":"closed","ping_status":"closed","template":"","meta":{"give_campaign_id":0,"nf_dc_page":"","footnotes":""},"class_list":["post-68978","page","type-page","status-publish","hentry"],"campaignId":"","_links":{"self":[{"href":"https:\/\/prestige360solutions.com\/es\/wp-json\/wp\/v2\/pages\/68978","targetHints":{"allow":["GET"]}}],"collection":[{"href":"https:\/\/prestige360solutions.com\/es\/wp-json\/wp\/v2\/pages"}],"about":[{"href":"https:\/\/prestige360solutions.com\/es\/wp-json\/wp\/v2\/types\/page"}],"author":[{"embeddable":true,"href":"https:\/\/prestige360solutions.com\/es\/wp-json\/wp\/v2\/users\/1"}],"replies":[{"embeddable":true,"href":"https:\/\/prestige360solutions.com\/es\/wp-json\/wp\/v2\/comments?post=68978"}],"version-history":[{"count":20,"href":"https:\/\/prestige360solutions.com\/es\/wp-json\/wp\/v2\/pages\/68978\/revisions"}],"predecessor-version":[{"id":69737,"href":"https:\/\/prestige360solutions.com\/es\/wp-json\/wp\/v2\/pages\/68978\/revisions\/69737"}],"wp:attachment":[{"href":"https:\/\/prestige360solutions.com\/es\/wp-json\/wp\/v2\/media?parent=68978"}],"curies":[{"name":"wp","href":"https:\/\/api.w.org\/{rel}","templated":true}]}}