{"id":68976,"date":"2025-09-25T19:17:27","date_gmt":"2025-09-25T19:17:27","guid":{"rendered":"https:\/\/prestige360solutions.com\/?page_id=68976"},"modified":"2025-10-24T16:28:22","modified_gmt":"2025-10-24T16:28:22","slug":"business-startup","status":"publish","type":"page","link":"https:\/\/prestige360solutions.com\/es\/business-startup\/","title":{"rendered":"Creaci\u00f3n de Negocios"},"content":{"rendered":"<div data-elementor-type=\"wp-page\" data-elementor-id=\"68976\" class=\"elementor elementor-68976\" data-elementor-post-type=\"page\">\n\t\t\t\t\t\t<section class=\"elementor-section elementor-top-section elementor-element elementor-element-dacc6aa elementor-section-boxed elementor-section-height-default elementor-section-height-default sc_fly_static\" data-id=\"dacc6aa\" data-element_type=\"section\" data-e-type=\"section\">\n\t\t\t\t\t\t<div class=\"elementor-container elementor-column-gap-extended\">\n\t\t\t\t\t<div class=\"elementor-column elementor-col-100 elementor-top-column elementor-element elementor-element-deb7f45 sc_content_align_inherit sc_layouts_column_icons_position_left sc_fly_static\" data-id=\"deb7f45\" data-element_type=\"column\" data-e-type=\"column\">\n\t\t\t<div class=\"elementor-widget-wrap elementor-element-populated\">\n\t\t\t\t\t\t<div class=\"elementor-element elementor-element-c5532a8 elementor-widget__width-inherit sc_fly_static elementor-widget elementor-widget-image\" data-id=\"c5532a8\" data-element_type=\"widget\" data-e-type=\"widget\" data-widget_type=\"image.default\">\n\t\t\t\t<div class=\"elementor-widget-container\">\n\t\t\t\t\t\t\t\t\t\t\t\t\t\t\t<img fetchpriority=\"high\" decoding=\"async\" width=\"1024\" height=\"564\" src=\"https:\/\/prestige360solutions.com\/wp-content\/uploads\/2025\/10\/fff4-1024x564.jpg\" class=\"attachment-large size-large wp-image-69170\" alt=\"\" srcset=\"https:\/\/prestige360solutions.com\/wp-content\/uploads\/2025\/10\/fff4-1024x564.jpg 1024w, https:\/\/prestige360solutions.com\/wp-content\/uploads\/2025\/10\/fff4-300x165.jpg 300w, https:\/\/prestige360solutions.com\/wp-content\/uploads\/2025\/10\/fff4-768x423.jpg 768w, https:\/\/prestige360solutions.com\/wp-content\/uploads\/2025\/10\/fff4-1536x846.jpg 1536w, https:\/\/prestige360solutions.com\/wp-content\/uploads\/2025\/10\/fff4-370x204.jpg 370w, https:\/\/prestige360solutions.com\/wp-content\/uploads\/2025\/10\/fff4-840x463.jpg 840w, https:\/\/prestige360solutions.com\/wp-content\/uploads\/2025\/10\/fff4-410x226.jpg 410w, https:\/\/prestige360solutions.com\/wp-content\/uploads\/2025\/10\/fff4-600x331.jpg 600w, https:\/\/prestige360solutions.com\/wp-content\/uploads\/2025\/10\/fff4.jpg 1960w\" sizes=\"(max-width: 1024px) 100vw, 1024px\" \/>\t\t\t\t\t\t\t\t\t\t\t\t\t\t\t<\/div>\n\t\t\t\t<\/div>\n\t\t\t\t\t<\/div>\n\t\t<\/div>\n\t\t\t\t\t<\/div>\n\t\t<\/section>\n\t\t\t\t<section class=\"elementor-section elementor-top-section elementor-element elementor-element-3be8ab0 elementor-section-boxed elementor-section-height-default elementor-section-height-default sc_fly_static\" data-id=\"3be8ab0\" data-element_type=\"section\" data-e-type=\"section\">\n\t\t\t\t\t\t<div class=\"elementor-container elementor-column-gap-extended\">\n\t\t\t\t\t<div class=\"elementor-column elementor-col-100 elementor-top-column elementor-element elementor-element-155c1d1 sc_content_align_inherit sc_layouts_column_icons_position_left sc_fly_static\" data-id=\"155c1d1\" data-element_type=\"column\" data-e-type=\"column\">\n\t\t\t<div class=\"elementor-widget-wrap elementor-element-populated\">\n\t\t\t\t\t\t<div class=\"elementor-element elementor-element-5c3b1e5 sc_fly_static elementor-widget elementor-widget-heading\" data-id=\"5c3b1e5\" data-element_type=\"widget\" data-e-type=\"widget\" data-widget_type=\"heading.default\">\n\t\t\t\t<div class=\"elementor-widget-container\">\n\t\t\t\t\t<h2 class=\"elementor-heading-title elementor-size-default\">Creaci\u00f3n de Negocios<\/h2>\t\t\t\t<\/div>\n\t\t\t\t<\/div>\n\t\t\t\t\t<\/div>\n\t\t<\/div>\n\t\t\t\t\t<\/div>\n\t\t<\/section>\n\t\t\t\t<section class=\"elementor-section elementor-top-section elementor-element elementor-element-3f53ca0 elementor-section-boxed elementor-section-height-default elementor-section-height-default sc_fly_static\" data-id=\"3f53ca0\" data-element_type=\"section\" data-e-type=\"section\">\n\t\t\t\t\t\t<div class=\"elementor-container elementor-column-gap-extended\">\n\t\t\t\t\t<div class=\"elementor-column elementor-col-100 elementor-top-column elementor-element elementor-element-41cf36c sc_content_align_inherit sc_layouts_column_icons_position_left sc_fly_static\" data-id=\"41cf36c\" data-element_type=\"column\" data-e-type=\"column\">\n\t\t\t<div class=\"elementor-widget-wrap elementor-element-populated\">\n\t\t\t\t\t\t<div class=\"elementor-element elementor-element-35c4340 sc_fly_static elementor-widget elementor-widget-text-editor\" data-id=\"35c4340\" data-element_type=\"widget\" data-e-type=\"widget\" data-widget_type=\"text-editor.default\">\n\t\t\t\t<div class=\"elementor-widget-container\">\n\t\t\t\t\t\t\t\t\t<p class=\"translation-block\">Convertir tu idea en un negocio no deber\u00eda ser abrumador. En Prestige360 Solutions, te lo facilitamos gui\u00e1ndote en cada paso, desde la formaci\u00f3n de tu entidad comercial (LLC, Corporaci\u00f3n, Organizaci\u00f3n sin fines de lucro o DBA) y completando tu registro y licencia, hasta la configuraci\u00f3n de tu EIN, la preparaci\u00f3n de la documentaci\u00f3n del IRS y el desarrollo de una s\u00f3lida estrategia de marca y marketing. Tambi\u00e9n ofrecemos consultor\u00eda personalizada y planificaci\u00f3n estrat\u00e9gica para ayudarte a construir un camino claro hacia el \u00e9xito. Ya sea que est\u00e9s comenzando desde cero o reestructurando un negocio existente, te brindaremos la hoja de ruta, los recursos y la confianza para hacer realidad tu visi\u00f3n.<\/p>\t\t\t\t\t\t\t\t<\/div>\n\t\t\t\t<\/div>\n\t\t\t\t\t<\/div>\n\t\t<\/div>\n\t\t\t\t\t<\/div>\n\t\t<\/section>\n\t\t\t\t<section class=\"elementor-section elementor-top-section elementor-element elementor-element-dd54cdc elementor-section-boxed elementor-section-height-default elementor-section-height-default sc_fly_static\" data-id=\"dd54cdc\" data-element_type=\"section\" data-e-type=\"section\">\n\t\t\t\t\t\t<div class=\"elementor-container elementor-column-gap-extended\">\n\t\t\t\t\t<div class=\"elementor-column elementor-col-100 elementor-top-column elementor-element elementor-element-a1a589a sc_content_align_inherit sc_layouts_column_icons_position_left sc_fly_static\" data-id=\"a1a589a\" data-element_type=\"column\" data-e-type=\"column\">\n\t\t\t<div class=\"elementor-widget-wrap elementor-element-populated\">\n\t\t\t\t\t\t<div class=\"elementor-element elementor-element-9664310 elementor-button-info elementor-align-center sc_fly_static elementor-widget elementor-widget-button\" data-id=\"9664310\" data-element_type=\"widget\" data-e-type=\"widget\" data-widget_type=\"button.default\">\n\t\t\t\t<div class=\"elementor-widget-container\">\n\t\t\t\t\t\t\t\t\t<div class=\"elementor-button-wrapper\">\n\t\t\t\t\t<a class=\"elementor-button elementor-button-link elementor-size-sm\" href=\"https:\/\/prestige360solutions.com\/es\/#servicios\">\n\t\t\t\t\t\t<span class=\"elementor-button-content-wrapper\">\n\t\t\t\t\t\t\t\t\t<span class=\"elementor-button-text\">Regresar a Nuestros Servicios<\/span>\n\t\t\t\t\t<\/span>\n\t\t\t\t\t<\/a>\n\t\t\t\t<\/div>\n\t\t\t\t\t\t\t\t<\/div>\n\t\t\t\t<\/div>\n\t\t\t\t\t<\/div>\n\t\t<\/div>\n\t\t\t\t\t<\/div>\n\t\t<\/section>\n\t\t\t\t<section class=\"elementor-section elementor-top-section elementor-element elementor-element-12ecf79 elementor-section-boxed elementor-section-height-default elementor-section-height-default sc_fly_static\" data-id=\"12ecf79\" data-element_type=\"section\" data-e-type=\"section\">\n\t\t\t\t\t\t<div class=\"elementor-container elementor-column-gap-extended\">\n\t\t\t\t\t<div class=\"elementor-column elementor-col-100 elementor-top-column elementor-element elementor-element-a85ac39 sc_content_align_inherit sc_layouts_column_icons_position_left sc_fly_static\" data-id=\"a85ac39\" data-element_type=\"column\" data-e-type=\"column\">\n\t\t\t<div class=\"elementor-widget-wrap elementor-element-populated\">\n\t\t\t\t\t\t<div class=\"elementor-element elementor-element-6a31ba8 sc_fly_static elementor-widget elementor-widget-text-editor\" data-id=\"6a31ba8\" data-element_type=\"widget\" data-e-type=\"widget\" data-widget_type=\"text-editor.default\">\n\t\t\t\t<div class=\"elementor-widget-container\">\n\t\t\t\t\t\t\t\t\t<p>Prestige360 Solutions ayuda a sus clientes con la constituci\u00f3n de empresas y la documentaci\u00f3n inicial. No somos un despacho de abogados ni de contabilidad y no ofrecemos asesoramiento legal ni financiero.<\/p>\t\t\t\t\t\t\t\t<\/div>\n\t\t\t\t<\/div>\n\t\t\t\t\t<\/div>\n\t\t<\/div>\n\t\t\t\t\t<\/div>\n\t\t<\/section>\n\t\t\t\t<\/div>","protected":false},"excerpt":{"rendered":"<p>Business Startup Turning your idea into a business shouldn\u2019t feel overwhelming. At\u00a0Prestige360 Solutions, we make&hellip;<\/p>","protected":false},"author":1,"featured_media":0,"parent":0,"menu_order":0,"comment_status":"closed","ping_status":"closed","template":"","meta":{"give_campaign_id":0,"nf_dc_page":"","footnotes":""},"class_list":["post-68976","page","type-page","status-publish","hentry"],"campaignId":"","_links":{"self":[{"href":"https:\/\/prestige360solutions.com\/es\/wp-json\/wp\/v2\/pages\/68976","targetHints":{"allow":["GET"]}}],"collection":[{"href":"https:\/\/prestige360solutions.com\/es\/wp-json\/wp\/v2\/pages"}],"about":[{"href":"https:\/\/prestige360solutions.com\/es\/wp-json\/wp\/v2\/types\/page"}],"author":[{"embeddable":true,"href":"https:\/\/prestige360solutions.com\/es\/wp-json\/wp\/v2\/users\/1"}],"replies":[{"embeddable":true,"href":"https:\/\/prestige360solutions.com\/es\/wp-json\/wp\/v2\/comments?post=68976"}],"version-history":[{"count":20,"href":"https:\/\/prestige360solutions.com\/es\/wp-json\/wp\/v2\/pages\/68976\/revisions"}],"predecessor-version":[{"id":69728,"href":"https:\/\/prestige360solutions.com\/es\/wp-json\/wp\/v2\/pages\/68976\/revisions\/69728"}],"wp:attachment":[{"href":"https:\/\/prestige360solutions.com\/es\/wp-json\/wp\/v2\/media?parent=68976"}],"curies":[{"name":"wp","href":"https:\/\/api.w.org\/{rel}","templated":true}]}}